{"id":17,"date":"2015-08-28T15:13:51","date_gmt":"2015-08-28T13:13:51","guid":{"rendered":"http:\/\/www.elektro-katz.de\/cms\/?page_id=17"},"modified":"2022-09-19T12:01:31","modified_gmt":"2022-09-19T10:01:31","slug":"impressum","status":"publish","type":"page","link":"https:\/\/www.elektro-katz.de\/cms\/impressum\/","title":{"rendered":"Impressum &#038; Datenschutz"},"content":{"rendered":"<div><strong>Elektro Katz GmbH<\/strong><\/div>\n<p>Im Webertal 2<br \/>\n78713 Schramberg-Waldm\u00f6ssingen<\/p>\n<div>Telefon: +49 7402 77 77<\/div>\n<div>Telefax: nicht mehr aktiv!<\/div>\n<div>E-Mail: info@elektro-katz.de<\/div>\n<div>Internet: www.elektro-katz.de<\/div>\n<div>Umsatzsteueridentifikationsnummer: DE232460699<\/div>\n<div>Gesch\u00e4ftsf\u00fchrer und vertretungsberechtigt: Bernd Katz, Stefan Katz<\/div>\n<div>Registergericht: Stuttgart<\/div>\n<div>\n<p>Registernummer: HRB 481245<\/p>\n<p>Inhaltlich verantwortlich: Bernd Katz, Stefan Katz<\/p>\n<\/div>\n<hr \/>\n<h2><\/h2>\n<p><strong>Datenschutz \/ Datenschutzerkl\u00e4rung<\/strong><\/p>\n<p>Eine Nutzung der Internetseiten der Elektro Katz GmbH ist grunds\u00e4tzlich ohne jede Angabe personenbezogener Daten m\u00f6glich. Es k\u00f6nnte jedoch eine Verarbeitung personenbezogener Daten erforderlich werden, sofern eine betroffene Person besondere Services unseres Unternehmens \u00fcber unsere Internetseite in Anspruch nehmen m\u00f6chte.<br \/>\nIst die Verarbeitung personenbezogener Daten erforderlich und besteht f\u00fcr eine solche Verarbeitung keine gesetzliche Grundlage, holen wir generell eine Einwilligung der betroffenen Person ein.<\/p>\n<p>Die Verarbeitung personenbezogener Daten (z.B. des Namens, der Anschrift, E-Mail-Adresse, Telefonnummer) einer betroffenen Person, erfolgt stets im Einklang\u00a0mit den geltenden landesspezifischen Datenschutzbestimmungen sowie der Datenschutz-Grundverordnung. Ferner werden betroffene Personen \u00fcber die ihnen zustehenden Rechte mittels dieser Datenschutzerkl\u00e4rung aufgekl\u00e4rt.<\/p>\n<p>Internetbasierte Daten\u00fcbertragungen k\u00f6nnen grunds\u00e4tzlich Sicherheitsl\u00fccken aufweisen, ein absoluter Schutz kann somit nicht gew\u00e4hrleistet werden. Daher steht es jeder betroffenen Person frei, personenbezogene Daten auch auf alternativen Wegen (beispielsweise telefonisch) an uns zu \u00fcbermitteln.<\/p>\n<hr \/>\n<p><strong><br \/>\nCookies<\/strong><br \/>\nDie Internetseiten verwenden teilweise so genannte Cookies. Cookies richten auf Ihrem Rechner keinen Schaden an und enthalten keine Viren. Cookies dienen dazu, unser Angebot nutzerfreundlicher, effektiver und sicherer zu machen. Cookies sind kleine Textdateien, die auf Ihrem Rechner abgelegt werden und die Ihr Browser speichert. Die meisten der von uns verwendeten Cookies sind so genannte &#8222;Session-Cookies&#8220;. Sie werden nach Ende Ihres Besuchs automatisch gel\u00f6scht. Andere Cookies bleiben auf Ihrem Endger\u00e4t gespeichert, bis Sie diese l\u00f6schen. Diese Cookies erm\u00f6glichen es uns, Ihren Browser beim n\u00e4chsten Besuch wiederzuerkennen. Sie k\u00f6nnen Ihren Browser so einstellen, dass Sie \u00fcber das Setzen von Cookies informiert werden und Cookies nur im Einzelfall erlauben, die Annahme von Cookies f\u00fcr bestimmte F\u00e4lle oder generell ausschlie\u00dfen sowie das automatische L\u00f6schen der Cookies beim Schlie\u00dfen des Browser aktivieren. Bei der Deaktivierung von Cookies kann die Funktionalit\u00e4t dieser Website eingeschr\u00e4nkt sein.<\/p>\n<hr \/>\n<p><strong>Google Maps<br \/>\n<\/strong>Diese Seite nutzt \u00fcber eine API den Kartendienst Google Maps. Anbieter ist die Google Inc., 1600 Amphitheatre Parkway, Mountain View, CA 94043, USA.<\/p>\n<p>Zur Nutzung der Funktionen von Google Maps ist es notwendig, Ihre IP Adresse zu speichern. Diese Informationen werden in der Regel an einen Server von Google in den USA \u00fcbertragen und dort gespeichert. Der Anbieter dieser Seite hat keinen Einfluss auf diese Daten\u00fcbertragung.<\/p>\n<p>Die Nutzung von Google Maps erfolgt im Interesse einer ansprechenden Darstellung unserer Online-Angebote und an einer leichten Auffindbarkeit der von uns auf der Website angegebenen Orte. Dies stellt ein berechtigtes Interesse im Sinne von Art. 6 Abs. 1 lit. f DSGVO dar.<\/p>\n<p>Mehr Informationen zum Umgang mit Nutzerdaten finden Sie in der Datenschutzerkl\u00e4rung von Google: <a href=\"https:\/\/www.google.de\/intl\/de\/policies\/privacy\/\" target=\"_blank\" rel=\"noopener\">https:\/\/www.google.de\/intl\/de\/policies\/privacy\/<\/a><\/p>\n<hr \/>\n<p><strong><br \/>\nHaftungsausschlu\u00df (Disclaimer)<br \/>\n<\/strong><\/p>\n<p style=\"text-align: justify;\">1. Inhalt des Onlineangebotes<\/p>\n<p style=\"text-align: justify;\">Der Autor \u00fcbernimmt keinerlei Gew\u00e4hr f\u00fcr die Aktualit\u00e4t, Korrektheit, Vollst\u00e4ndigkeit oder Qualit\u00e4t der bereitgestellten Informationen. Haftungsanspr\u00fcche gegen den Autor, welche sich auf Sch\u00e4den materieller oder ideeller Art beziehen, die durch die Nutzung oder Nichtnutzung der dargebotenen Informationen bzw. durch die Nutzung fehlerhafter und unvollst\u00e4ndiger Informationen verursacht wurden, sind grunds\u00e4tzlich ausgeschlossen, sofern seitens des Autors kein nachweislich vors\u00e4tzliches oder grob fahrl\u00e4ssiges Verschulden vorliegt.<br \/>\nAlle Angebote sind freibleibend und unverbindlich. Der Autor beh\u00e4lt es sich ausdr\u00fccklich vor, Teile der Seiten oder das gesamte Angebot ohne gesonderte Ank\u00fcndigung zu ver\u00e4ndern, zu erg\u00e4nzen, zu l\u00f6schen oder die Ver\u00f6ffentlichung zeitweise oder endg\u00fcltig einzustellen.<\/p>\n<p style=\"text-align: justify;\">2. Verweise und Links<\/p>\n<p style=\"text-align: justify;\">Bei direkten oder indirekten Verweisen auf fremde Internetseiten (&#8222;Links&#8220;), die au\u00dferhalb des Verantwortungsbereiches des Autors liegen, w\u00fcrde eine Haftungsverpflichtung ausschlie\u00dflich in dem Fall in Kraft treten, in dem der Autor von den Inhalten Kenntnis hat und es ihm technisch m\u00f6glich und zumutbar w\u00e4re, die Nutzung im Falle rechtswidriger Inhalte zu verhindern.<br \/>\nDer Autor erkl\u00e4rt hiermit ausdr\u00fccklich, dass zum Zeitpunkt der Linksetzung keine illegalen Inhalte auf den zu verlinkten Seiten erkennbar waren. Auf die aktuelle und zuk\u00fcnftige Gestaltung, die Inhalte oder die Urheberschaft der gelinkten\/ verkn\u00fcpften Seiten hat der Autor keinerlei Einfluss. Deshalb distanziert er sich hiermit ausdr\u00fccklich von allen Inhalten aller gelinkten\/ verkn\u00fcpften Seiten, die nach der Linksetzung ver\u00e4ndert wurden.<br \/>\nDiese Feststellung gilt f\u00fcr alle innerhalb des eigenen Internetangebotes gesetzten Links und Verweise sowie f\u00fcr Fremdeintr\u00e4ge in vom Autor eingerichteten G\u00e4steb\u00fcchern, Diskussionsforen und Mailinglisten. F\u00fcr illegale, fehlerhafte oder unvollst\u00e4ndige Inhalte und insbesondere f\u00fcr Sch\u00e4den, die aus der Nutzung oder Nichtnutzung solcherart dargebotener Informationen entstehen, haftet allein der Anbieter der Seite, auf welche verwiesen wurde, nicht derjenige, der \u00fcber Links auf die jeweilige Ver\u00f6ffentlichung lediglich verweist.<\/p>\n<p style=\"text-align: justify;\">3. Rechtswirksamkeit dieses Haftungsausschlusses<\/p>\n<p style=\"text-align: justify;\">Dieser Haftungsausschluss ist als Teil des Internetangebotes zu betrachten, von dem aus auf dieser Seite verwiesen wurde. Sofern Teile oder einzelne Formulierungen dieses Textes der geltenden Rechtslage nicht, nicht mehr oder nicht vollst\u00e4ndig entsprechen sollten, bleiben die \u00fcbrigen Teile des Dokuments in ihrem Inhalt und ihrer G\u00fcltigkeit davon unber\u00fchrt.<\/p>\n","protected":false},"excerpt":{"rendered":"<p>Elektro Katz GmbH Im Webertal 2 78713 Schramberg-Waldm\u00f6ssingen Telefon: +49 7402 77 77 Telefax: nicht mehr aktiv! E-Mail: info@elektro-katz.de Internet: www.elektro-katz.de Umsatzsteueridentifikationsnummer: DE232460699 Gesch\u00e4ftsf\u00fchrer und vertretungsberechtigt: Bernd Katz, Stefan Katz Registergericht: Stuttgart Registernummer: HRB 481245 Inhaltlich verantwortlich: Bernd Katz, Stefan Katz Datenschutz \/ Datenschutzerkl\u00e4rung Eine Nutzung der Internetseiten der Elektro Katz GmbH ist grunds\u00e4tzlich ohne [&hellip;]<\/p>\n","protected":false},"author":1,"featured_media":0,"parent":0,"menu_order":0,"comment_status":"closed","ping_status":"closed","template":"","meta":{"footnotes":""},"class_list":["post-17","page","type-page","status-publish","hentry"],"_links":{"self":[{"href":"https:\/\/www.elektro-katz.de\/cms\/wp-json\/wp\/v2\/pages\/17","targetHints":{"allow":["GET"]}}],"collection":[{"href":"https:\/\/www.elektro-katz.de\/cms\/wp-json\/wp\/v2\/pages"}],"about":[{"href":"https:\/\/www.elektro-katz.de\/cms\/wp-json\/wp\/v2\/types\/page"}],"author":[{"embeddable":true,"href":"https:\/\/www.elektro-katz.de\/cms\/wp-json\/wp\/v2\/users\/1"}],"replies":[{"embeddable":true,"href":"https:\/\/www.elektro-katz.de\/cms\/wp-json\/wp\/v2\/comments?post=17"}],"version-history":[{"count":27,"href":"https:\/\/www.elektro-katz.de\/cms\/wp-json\/wp\/v2\/pages\/17\/revisions"}],"predecessor-version":[{"id":1198,"href":"https:\/\/www.elektro-katz.de\/cms\/wp-json\/wp\/v2\/pages\/17\/revisions\/1198"}],"wp:attachment":[{"href":"https:\/\/www.elektro-katz.de\/cms\/wp-json\/wp\/v2\/media?parent=17"}],"curies":[{"name":"wp","href":"https:\/\/api.w.org\/{rel}","templated":true}]}}