{"id":394,"date":"2016-06-02T15:33:59","date_gmt":"2016-06-02T13:33:59","guid":{"rendered":"http:\/\/www.elektro-katz.de\/cms\/?page_id=394"},"modified":"2022-07-14T15:35:48","modified_gmt":"2022-07-14T13:35:48","slug":"sss-siedle","status":"publish","type":"page","link":"https:\/\/www.elektro-katz.de\/cms\/sss-siedle\/","title":{"rendered":"Sprechanlagen"},"content":{"rendered":"<p><strong><span class=\"StdTextStyle\">Siedle T\u00fcrkommunikation<br \/>\n<\/span><\/strong><\/p>\n<p><span class=\"StdTextStyle\">Siedle-Anlagen geben Ihnen ein Maximum an Gestaltungsfreiheit, au\u00dfen wie innen.&nbsp; Video-T\u00fcrstationen f\u00fcr den Au\u00dfenbereich lassen sich ganz nach Ihren individuellen Anforderungen und W\u00fcnschen ausstatten, in Funktion, Material und Farbe.<br \/>\n<strong><img loading=\"lazy\" decoding=\"async\" class=\"alignnone wp-image-395 size-medium\" src=\"http:\/\/www.elektro-katz.de\/cms\/wp-content\/uploads\/2016\/06\/logo_siedle_001-300x300.jpg\" alt=\"logo_siedle_001\" width=\"300\" height=\"300\" srcset=\"https:\/\/www.elektro-katz.de\/cms\/wp-content\/uploads\/2016\/06\/logo_siedle_001-300x300.jpg 300w, https:\/\/www.elektro-katz.de\/cms\/wp-content\/uploads\/2016\/06\/logo_siedle_001-150x150.jpg 150w, https:\/\/www.elektro-katz.de\/cms\/wp-content\/uploads\/2016\/06\/logo_siedle_001.jpg 500w\" sizes=\"auto, (max-width: 300px) 100vw, 300px\" \/><\/strong><br \/>\n<\/span><\/p>\n<div class=\"tx-divider clearfix\" style=\"margin-top: 24px;margin-bottom: 24px\"><\/div><strong><br \/>\nSiedle Briefkastenanlagen<\/strong><\/p>\n<p><span class=\"StdTextStyle\">Ob Aufputz, Unterputz oder freistehend: Briefkastenanlagen von Siedle k\u00f6nnen nach Wunsch und Bedarf installiert werden. Mit den drei Designlinien Vario, Classic und Steel erh\u00f6hen sich die Variationsm\u00f6glichkeiten um ein Vielfaches; sie bieten gro\u00dfen Spielraum f\u00fcr Ihre ganz individuellen Vorstellungen. <\/span><\/p>\n<p><img loading=\"lazy\" decoding=\"async\" class=\"size-full wp-image-398 alignnone\" src=\"http:\/\/www.elektro-katz.de\/cms\/wp-content\/uploads\/2016\/06\/siedle_sprechanlagen.jpg\" alt=\"siedle_sprechanlagen\" width=\"320\" height=\"280\" srcset=\"https:\/\/www.elektro-katz.de\/cms\/wp-content\/uploads\/2016\/06\/siedle_sprechanlagen.jpg 320w, https:\/\/www.elektro-katz.de\/cms\/wp-content\/uploads\/2016\/06\/siedle_sprechanlagen-300x263.jpg 300w\" sizes=\"auto, (max-width: 320px) 100vw, 320px\" \/><br \/>\n<strong><img loading=\"lazy\" decoding=\"async\" class=\"wp-image-399 size-full alignnone\" src=\"http:\/\/www.elektro-katz.de\/cms\/wp-content\/uploads\/2016\/06\/siedle_briefk.jpg\" alt=\"siedle_briefk\" width=\"320\" height=\"280\" srcset=\"https:\/\/www.elektro-katz.de\/cms\/wp-content\/uploads\/2016\/06\/siedle_briefk.jpg 320w, https:\/\/www.elektro-katz.de\/cms\/wp-content\/uploads\/2016\/06\/siedle_briefk-300x263.jpg 300w\" sizes=\"auto, (max-width: 320px) 100vw, 320px\" \/><\/strong><\/p>\n<p><strong><br \/>\n<\/strong><div class=\"tx-divider clearfix\" style=\"margin-top: 24px;margin-bottom: 24px\"><\/div><strong><br \/>\nWir sind zertifizierter Siedle-Partner<br \/>\n<\/strong><\/p>\n<p>Vorraussetzung f\u00fcr die Zertifzierung sind gute technische Kenntisse, die regelm\u00e4\u00dfige Teilnahme an Schulungen, und nachgewiesene Erfahrung in der Anwendung. Siedle \u00fcberpr\u00fcft die Einhaltung dieser Bedingungen in regelm\u00e4\u00dfigen Abst\u00e4nden.<\/p>\n","protected":false},"excerpt":{"rendered":"<p>Siedle T\u00fcrkommunikation Siedle-Anlagen geben Ihnen ein Maximum an Gestaltungsfreiheit, au\u00dfen wie innen.&nbsp; Video-T\u00fcrstationen f\u00fcr den Au\u00dfenbereich lassen sich ganz nach Ihren individuellen Anforderungen und W\u00fcnschen ausstatten, in Funktion, Material und Farbe. Siedle Briefkastenanlagen Ob Aufputz, Unterputz oder freistehend: Briefkastenanlagen von Siedle k\u00f6nnen nach Wunsch und Bedarf installiert werden. Mit den drei Designlinien Vario, Classic und [&hellip;]<\/p>\n","protected":false},"author":1,"featured_media":0,"parent":0,"menu_order":0,"comment_status":"closed","ping_status":"closed","template":"","meta":{"footnotes":""},"class_list":["post-394","page","type-page","status-publish","hentry"],"_links":{"self":[{"href":"https:\/\/www.elektro-katz.de\/cms\/wp-json\/wp\/v2\/pages\/394","targetHints":{"allow":["GET"]}}],"collection":[{"href":"https:\/\/www.elektro-katz.de\/cms\/wp-json\/wp\/v2\/pages"}],"about":[{"href":"https:\/\/www.elektro-katz.de\/cms\/wp-json\/wp\/v2\/types\/page"}],"author":[{"embeddable":true,"href":"https:\/\/www.elektro-katz.de\/cms\/wp-json\/wp\/v2\/users\/1"}],"replies":[{"embeddable":true,"href":"https:\/\/www.elektro-katz.de\/cms\/wp-json\/wp\/v2\/comments?post=394"}],"version-history":[{"count":19,"href":"https:\/\/www.elektro-katz.de\/cms\/wp-json\/wp\/v2\/pages\/394\/revisions"}],"predecessor-version":[{"id":1081,"href":"https:\/\/www.elektro-katz.de\/cms\/wp-json\/wp\/v2\/pages\/394\/revisions\/1081"}],"wp:attachment":[{"href":"https:\/\/www.elektro-katz.de\/cms\/wp-json\/wp\/v2\/media?parent=394"}],"curies":[{"name":"wp","href":"https:\/\/api.w.org\/{rel}","templated":true}]}}