{"id":5,"date":"2015-08-25T14:50:03","date_gmt":"2015-08-25T12:50:03","guid":{"rendered":"http:\/\/www.elektro-katz.de\/cms\/?page_id=5"},"modified":"2024-12-23T10:53:34","modified_gmt":"2024-12-23T09:53:34","slug":"erneuerbare-energien","status":"publish","type":"page","link":"https:\/\/www.elektro-katz.de\/cms\/erneuerbare-energien\/","title":{"rendered":"Erneuerbare Energien"},"content":{"rendered":"\n<p><\/p>\n\n\n\n<h3 class=\"wp-block-heading\">PV-Anlagen &amp; Batterie-Speicher<br><\/h3>\n\n\n\n<p>In Zeiten sinkender Einspeiseverg\u00fctungen und dem Ziel, ein gewisses Ma\u00df an Unabh\u00e4ngigkeit vom aktuellen Strommarkt zu erhalten, wird das Thema &#8222;Eigenverbrauch&#8220; immer interessanter.<br><br>Wir bieten Ihnen modernste Speichertechnologie der Firmen <strong>FENECON <\/strong>&amp; <strong>SONNEN<\/strong> in verschiedenen Kapazit\u00e4ten. Auch als ideale Erg\u00e4nzung zu Ihrer bereits bestehenden PV-Anlage.<\/p>\n\n\n\n<figure class=\"wp-block-image size-full is-resized\"><a href=\"https:\/\/www.elektro-katz.de\/cms\/wp-content\/uploads\/2023\/06\/fenecon_logo_001_1024x435.png\"><img loading=\"lazy\" decoding=\"async\" width=\"1024\" height=\"435\" src=\"https:\/\/www.elektro-katz.de\/cms\/wp-content\/uploads\/2023\/06\/fenecon_logo_001_1024x435.png\" alt=\"\" class=\"wp-image-1260\" style=\"width:406px;height:auto\" srcset=\"https:\/\/www.elektro-katz.de\/cms\/wp-content\/uploads\/2023\/06\/fenecon_logo_001_1024x435.png 1024w, https:\/\/www.elektro-katz.de\/cms\/wp-content\/uploads\/2023\/06\/fenecon_logo_001_1024x435-300x127.png 300w, https:\/\/www.elektro-katz.de\/cms\/wp-content\/uploads\/2023\/06\/fenecon_logo_001_1024x435-768x326.png 768w\" sizes=\"auto, (max-width: 1024px) 100vw, 1024px\" \/><\/a><\/figure>\n\n\n\n<figure class=\"wp-block-image size-full\"><a href=\"http:\/\/www.elektro-katz.de\/cms\/wp-content\/uploads\/2023\/06\/sonnen_logo_001.png\"><img loading=\"lazy\" decoding=\"async\" width=\"427\" height=\"118\" src=\"http:\/\/www.elektro-katz.de\/cms\/wp-content\/uploads\/2023\/06\/sonnen_logo_001.png\" alt=\"\" class=\"wp-image-1261\" srcset=\"https:\/\/www.elektro-katz.de\/cms\/wp-content\/uploads\/2023\/06\/sonnen_logo_001.png 427w, https:\/\/www.elektro-katz.de\/cms\/wp-content\/uploads\/2023\/06\/sonnen_logo_001-300x83.png 300w\" sizes=\"auto, (max-width: 427px) 100vw, 427px\" \/><\/a><\/figure>\n\n\n\n<figure class=\"wp-block-image size-full is-resized\"><a href=\"http:\/\/www.elektro-katz.de\/cms\/wp-content\/uploads\/2023\/06\/fenecon_speicher_001.png\"><img loading=\"lazy\" decoding=\"async\" width=\"550\" height=\"545\" src=\"http:\/\/www.elektro-katz.de\/cms\/wp-content\/uploads\/2023\/06\/fenecon_speicher_001.png\" alt=\"\" class=\"wp-image-1258\" srcset=\"https:\/\/www.elektro-katz.de\/cms\/wp-content\/uploads\/2023\/06\/fenecon_speicher_001.png 550w, https:\/\/www.elektro-katz.de\/cms\/wp-content\/uploads\/2023\/06\/fenecon_speicher_001-300x297.png 300w, https:\/\/www.elektro-katz.de\/cms\/wp-content\/uploads\/2023\/06\/fenecon_speicher_001-150x150.png 150w\" sizes=\"auto, (max-width: 550px) 100vw, 550px\" \/><\/a><\/figure>\n\n\n\n<figure class=\"wp-block-image size-large is-resized is-style-default\"><a href=\"https:\/\/www.elektro-katz.de\/cms\/wp-content\/uploads\/2022\/07\/sonnen.jpg\"><img loading=\"lazy\" decoding=\"async\" width=\"1024\" height=\"576\" src=\"https:\/\/www.elektro-katz.de\/cms\/wp-content\/uploads\/2022\/07\/sonnen-1024x576.jpg\" alt=\"\" class=\"wp-image-1178\" srcset=\"https:\/\/www.elektro-katz.de\/cms\/wp-content\/uploads\/2022\/07\/sonnen-1024x576.jpg 1024w, https:\/\/www.elektro-katz.de\/cms\/wp-content\/uploads\/2022\/07\/sonnen-300x169.jpg 300w, https:\/\/www.elektro-katz.de\/cms\/wp-content\/uploads\/2022\/07\/sonnen-768x432.jpg 768w, https:\/\/www.elektro-katz.de\/cms\/wp-content\/uploads\/2022\/07\/sonnen.jpg 1279w\" sizes=\"auto, (max-width: 1024px) 100vw, 1024px\" \/><\/a><\/figure>\n\n\n\n<hr class=\"wp-block-separator has-alpha-channel-opacity\"\/>\n","protected":false},"excerpt":{"rendered":"<p>PV-Anlagen &amp; Batterie-Speicher In Zeiten sinkender Einspeiseverg\u00fctungen und dem Ziel, ein gewisses Ma\u00df an Unabh\u00e4ngigkeit vom aktuellen Strommarkt zu erhalten, wird das Thema &#8222;Eigenverbrauch&#8220; immer interessanter. Wir bieten Ihnen modernste Speichertechnologie der Firmen FENECON &amp; SONNEN in verschiedenen Kapazit\u00e4ten. Auch als ideale Erg\u00e4nzung zu Ihrer bereits bestehenden PV-Anlage.<\/p>\n","protected":false},"author":1,"featured_media":0,"parent":0,"menu_order":0,"comment_status":"closed","ping_status":"closed","template":"","meta":{"footnotes":""},"class_list":["post-5","page","type-page","status-publish","hentry"],"_links":{"self":[{"href":"https:\/\/www.elektro-katz.de\/cms\/wp-json\/wp\/v2\/pages\/5","targetHints":{"allow":["GET"]}}],"collection":[{"href":"https:\/\/www.elektro-katz.de\/cms\/wp-json\/wp\/v2\/pages"}],"about":[{"href":"https:\/\/www.elektro-katz.de\/cms\/wp-json\/wp\/v2\/types\/page"}],"author":[{"embeddable":true,"href":"https:\/\/www.elektro-katz.de\/cms\/wp-json\/wp\/v2\/users\/1"}],"replies":[{"embeddable":true,"href":"https:\/\/www.elektro-katz.de\/cms\/wp-json\/wp\/v2\/comments?post=5"}],"version-history":[{"count":36,"href":"https:\/\/www.elektro-katz.de\/cms\/wp-json\/wp\/v2\/pages\/5\/revisions"}],"predecessor-version":[{"id":1345,"href":"https:\/\/www.elektro-katz.de\/cms\/wp-json\/wp\/v2\/pages\/5\/revisions\/1345"}],"wp:attachment":[{"href":"https:\/\/www.elektro-katz.de\/cms\/wp-json\/wp\/v2\/media?parent=5"}],"curies":[{"name":"wp","href":"https:\/\/api.w.org\/{rel}","templated":true}]}}